{"id":218,"date":"2025-07-02T02:55:10","date_gmt":"2025-07-02T02:55:10","guid":{"rendered":"https:\/\/cantaritobar.mx\/?page_id=218"},"modified":"2025-07-02T03:28:33","modified_gmt":"2025-07-02T03:28:33","slug":"avisis-de-privacidad","status":"publish","type":"page","link":"https:\/\/cantaritobar.mx\/index.php\/avisis-de-privacidad\/","title":{"rendered":"AVISOS DE PRIVACIDAD"},"content":{"rendered":"\t\t<div data-elementor-type=\"wp-page\" data-elementor-id=\"218\" class=\"elementor elementor-218\">\n\t\t\t\t<div class=\"elementor-element elementor-element-df1ea90 e-flex e-con-boxed e-con e-parent\" data-id=\"df1ea90\" data-element_type=\"container\" data-e-type=\"container\">\n\t\t\t\t\t<div class=\"e-con-inner\">\n\t\t\t\t<div class=\"elementor-element elementor-element-6685d97 elementor-widget elementor-widget-text-editor\" data-id=\"6685d97\" data-element_type=\"widget\" data-e-type=\"widget\" data-widget_type=\"text-editor.default\">\n\t\t\t\t\t\t\t\t\t<p class=\"p1\"><strong><span class=\"s1\">Aviso de Privacidad Sitio Web Integral<\/span><\/strong><\/p>\n<p class=\"p1\"><span class=\"s1\">Er\u00e9ndida Yanira Ramirez Gonz\u00e1lez (nombre comercial: CANTARITO BAR) con domicilio en , Calz. del Hueso 550B, Coapa, Girasoles I, Coyoac\u00e1n, 04920 Ciudad de M\u00e9xico, CDMX, es el responsable del uso y protecci\u00f3n de sus datos personales, y al respecto le informamos lo siguiente:<\/span><\/p>\n<p class=\"p1\"><span class=\"s1\">Departamento de Privacidad<\/span><\/p>\n<p class=\"p1\"><span class=\"s1\">Para atender cualquier solicitud acerca del ejercicio de sus derechos ARCO, para la revocaci\u00f3n del consentimiento que nos haya otorgado del tratamiento de sus datos personales, para limitar el uso o divulgaci\u00f3n de sus datos, o acerca de las finalidades para el tratamiento de sus datos personales, ponemos a su disposici\u00f3n nuestro Departamento de Privacidad en los siguientes medios de contacto:<\/span><\/p>\n<p class=\"p1\"><span class=\"s1\">Departamento de Privacidad<\/span><\/p>\n<p class=\"p1\"><span class=\"s1\">Correo electr\u00f3nico: privacidad@cantaritobar.mx<\/span><\/p>\n<p class=\"p1\"><span class=\"s1\">Para poder comunicarnos con usted, necesitamos los siguientes datos personales y de contacto en su solicitud:<\/span><\/p>\n<p class=\"p1\"><span class=\"s1\">\u2022 Nombre del titular<\/span><\/p>\n<p class=\"p1\"><span class=\"s1\">\u2022 Carta de autorizaci\u00f3n en caso de que la solicitud la haga otra persona que no sea el titular<\/span><\/p>\n<p class=\"p1\"><span class=\"s1\">\u2022 Copia de identificaci\u00f3n del titular<\/span><\/p>\n<p class=\"p1\"><span class=\"s1\">\u2022 Correo electr\u00f3nico<\/span><\/p>\n<p class=\"p1\"><span class=\"s1\">\u2022 Tel\u00e9fono<\/span><\/p>\n<p class=\"p1\"><span class=\"s1\">Despu\u00e9s de recibir su solicitud, recibir\u00e1 nuestra respuesta en un plazo m\u00e1ximo de veinte d\u00edas h\u00e1biles por los medios de contacto que nos proporcione.<\/span><\/p>\n<p class=\"p1\"><span class=\"s1\">\u00bfPara qu\u00e9 fines utilizaremos sus datos personales?<\/span><\/p>\n<p class=\"p1\"><span class=\"s1\">Los datos personales que recabamos de usted, los utilizaremos para las siguientes finalidades que son necesarias para el servicio que solicita:<\/span><\/p>\n<p class=\"p1\"><span class=\"s1\">\u2022 Para fines de contacto<\/span><\/p>\n<p class=\"p1\"><span class=\"s1\">\u2022 Para acceder al contenido del sitio<\/span><\/p>\n<p class=\"p1\"><span class=\"s1\">\u2022 Para facturaci\u00f3n y cobro<\/span><\/p>\n<p class=\"p1\"><span class=\"s1\">\u2022 Para env\u00edo y entrega de productos<\/span><\/p>\n<p class=\"p1\"><span class=\"s1\">\u00bfQu\u00e9 datos personales utilizaremos para estos fines?<\/span><\/p>\n<p class=\"p1\"><span class=\"s1\">Para llevar a cabo las finalidades descritas en el presente Aviso de Privacidad, utilizaremos los siguientes datos personales:<\/span><\/p>\n<p class=\"p1\"><span class=\"s1\">\u2022 Datos de contacto<\/span><\/p>\n<p class=\"p1\"><span class=\"s1\">\u2022 Datos de facturaci\u00f3n<\/span><\/p>\n<p class=\"p1\"><span class=\"s1\">\u00bfC\u00f3mo puede Acceder, Rectificar o Cancelar sus datos personales, u Oponerse a su uso?<\/span><\/p>\n<p class=\"p1\"><span class=\"s1\">Usted tiene derecho a conocer qu\u00e9 datos personales tenemos de usted, para qu\u00e9 los utilizamos y las condiciones del uso que les damos (Acceso). Asimismo, es su derecho solicitar la correcci\u00f3n de su informaci\u00f3n personal en caso de que est\u00e9 desactualizada, sea inexacta o incompleta (Rectificaci\u00f3n); que la eliminemos de nuestros registros o bases de datos cuando considere que la misma no est\u00e1 siendo utilizada conforme a los principios, deberes y obligaciones previstas en la normativa (Cancelaci\u00f3n); as\u00ed como oponerse al uso de sus datos personales para fines espec\u00edficos (Oposici\u00f3n). Estos derechos se conocen como derechos ARCO.<\/span><\/p>\n<p class=\"p1\"><span class=\"s1\">Si usted desea ejercer sus derechos ARCO, lo podr\u00e1 hacer contact\u00e1ndose con nuestro Departamento de Privacidad en los medios establecidos en el presente aviso.<\/span><\/p>\n<p class=\"p1\"><span class=\"s1\">\u00bfC\u00f3mo puede revocar su consentimiento para el uso de sus datos personales?<\/span><\/p>\n<p class=\"p1\"><span class=\"s1\">Usted puede revocar el consentimiento que, en su caso, nos haya otorgado para el tratamiento de sus datos personales. Sin embargo, es importante que tenga en cuenta que no en todos los casos podremos atender su solicitud o concluir el uso de forma inmediata, ya que es posible que por alguna obligaci\u00f3n legal requiramos seguir tratando sus datos personales. <\/span><\/p>\n<p class=\"p1\"><span class=\"s1\">Asimismo, usted deber\u00e1 considerar qu\u00e9 para ciertos fines, la revocaci\u00f3n de su consentimiento implicar\u00e1 que no le podamos seguir prestando el servicio que nos solicit\u00f3, o la conclusi\u00f3n de su relaci\u00f3n con nosotros.<\/span><\/p>\n<p class=\"p1\"><span class=\"s1\">Para conocer el procedimiento y requisitos para la revocaci\u00f3n de su consentimiento, usted podr\u00e1 ponerse en contacto con nuestro Departamento de Privacidad a trav\u00e9s de los medios especificados en el presente aviso.<\/span><\/p>\n<p class=\"p1\"><span class=\"s1\">\u00bfC\u00f3mo puede limitar el uso o divulgaci\u00f3n de su informaci\u00f3n personal?<\/span><\/p>\n<p class=\"p1\"><span class=\"s1\">Si usted desea limitar el uso o divulgaci\u00f3n de su informaci\u00f3n personal podr\u00e1 solicitarlo a nuestro Departamento de Privacidad a trav\u00e9s de los medios especificados en el presente aviso.<\/span><\/p>\n<p class=\"p1\"><span class=\"s1\">Adicionalmente, podemos poner a su disposici\u00f3n procedimientos y mecanismos espec\u00edficos mediante los cuales puede limitar el uso de su informaci\u00f3n personal. Estos procedimientos y mecanismos espec\u00edficos se informar\u00e1n a trav\u00e9s de los medios que utilicemos para comunicarnos con usted u otros que consideremos adecuados.<\/span><\/p>\n<p class=\"p1\"><span class=\"s1\">Uso de Cookies y tecnolog\u00edas de rastreo:<\/span><\/p>\n<p class=\"p1\"><span class=\"s1\">Las cookies son pedazos de informaci\u00f3n en forma de peque\u00f1os archivos que se localizan en su disco duro y son generados por nuestro sitio web. <\/span><\/p>\n<p class=\"p1\"><span class=\"s1\">Estos archivos hacen que la interacci\u00f3n con nuestro sitio sea m\u00e1s r\u00e1pida y f\u00e1cil, recordando preferencias, datos de comportamiento o datos de registro en nuestro sitio.<\/span><\/p>\n<p class=\"p1\"><span class=\"s1\">La informaci\u00f3n que contienen puede ser utilizada cuando usted visita nuestro sitio y sitios externos.<\/span><\/p>\n<p class=\"p1\"><span class=\"s1\">Algunas p\u00e1ginas o correos nuestros pueden contener peque\u00f1as im\u00e1genes invisibles llamadas \u201cweb beacons\u201d o \u201cpixel tags\u201d. Los webs beacons rastrean su comportamiento en una p\u00e1gina o correo de forma similar a las cookies.<\/span><\/p>\n<p class=\"p1\"><span class=\"s1\">Le informamos que las cookies y otras tecnolog\u00edas de rastreo las utilizamos para las siguientes finalidades:<\/span><\/p>\n<p class=\"p1\"><span class=\"s1\">\u2022 Para el registro y an\u00e1lisis de comportamiento dentro de nuestro sitio con fines estad\u00edsticos y de calidad<\/span><\/p>\n<p class=\"p1\"><span class=\"s1\">Adem\u00e1s, podemos utilizar la informaci\u00f3n para fines publicitarios y de remarketing.<\/span><\/p>\n<p class=\"p1\"><span class=\"s1\"> El remarketing es un m\u00e9todo que muestra nuestros anuncios en sitios ajenos a \u00e9ste en funci\u00f3n de visitas pasadas a nuestro sitio. Los anuncios se pueden mostrar en forma de banners o publicaciones sugeridas.<\/span><\/p>\n<p class=\"p1\"><span class=\"s1\">Puede solicitar la inhabilitaci\u00f3n del uso de cookies para publicidad, mediante la p\u00e1gina de Network Advertising Initiative (ingl\u00e9s):<\/span><\/p>\n<p class=\"p1\"><span class=\"s1\">www.networkadvertising.org\/choices\/<\/span><\/p>\n<p class=\"p1\"><span class=\"s1\">Igualmente puede consultar las pol\u00edticas de privacidad de las compa\u00f1\u00edas que utilizamos para fines publicitarios y de remarketing:<\/span><\/p>\n<p class=\"p1\"><span class=\"s1\">\u2022 Facebook: <\/span><\/p>\n<p class=\"p1\"><span class=\"s1\">www.facebook.com\/about\/privacy\/<\/span><\/p>\n<p class=\"p1\"><span class=\"s1\">Si usted prefiere deshabilitar las cookies completamente, lo puede hacer en la mayor\u00eda de los exploradores de internet. <\/span><\/p>\n<p class=\"p1\"><span class=\"s1\">Tenga en cuenta que este sitio puede dejar de funcionar correctamente al hacerlo. En las versiones m\u00e1s recientes de los exploradores Mozilla Firefox, Internet Explorer y Google Chrome, la opci\u00f3n para deshabilitar las cookies se encuentra en la secci\u00f3n de \u201cPrivacidad\u201d en las opciones de configuraci\u00f3n de cada explorador.<\/span><\/p>\n<p class=\"p1\"><span class=\"s1\">\u00bfC\u00f3mo puede conocer los cambios a este Aviso de Privacidad?<\/span><\/p>\n<p class=\"p1\"><span class=\"s1\">El presente Aviso de Privacidad puede sufrir modificaciones, cambios o actualizaciones derivadas de nuevos requerimientos legales; de nuestras propias necesidades por los productos o servicios que ofrecemos; de nuestras pr\u00e1cticas de privacidad; de cambios en nuestro modelo de negocio, o por otras causas.<\/span><\/p>\n<p class=\"p1\"><span class=\"s1\">Los cambios al Aviso de Privacidad se informar\u00e1n a trav\u00e9s de los medios de contacto que nos proporcione en su registro y a trav\u00e9s de nuestro sitio web en la siguiente direcci\u00f3n: www.cantaritobar.mx<\/span><\/p>\t\t\t\t\t\t\t\t<\/div>\n\t\t\t\t\t<\/div>\n\t\t\t\t<\/div>\n\t\t\t\t<\/div>\n\t\t","protected":false},"excerpt":{"rendered":"<p>Aviso de Privacidad Sitio Web Integral Er\u00e9ndida Yanira Ramirez Gonz\u00e1lez (nombre comercial: CANTARITO BAR) con domicilio en , Calz. del [&hellip;]<\/p>\n","protected":false},"author":1,"featured_media":0,"parent":0,"menu_order":0,"comment_status":"closed","ping_status":"closed","template":"","meta":{"site-sidebar-layout":"no-sidebar","site-content-layout":"","ast-site-content-layout":"full-width-container","site-content-style":"default","site-sidebar-style":"default","ast-global-header-display":"","ast-banner-title-visibility":"","ast-main-header-display":"","ast-hfb-above-header-display":"","ast-hfb-below-header-display":"","ast-hfb-mobile-header-display":"","site-post-title":"disabled","ast-breadcrumbs-content":"","ast-featured-img":"disabled","footer-sml-layout":"","ast-disable-related-posts":"","theme-transparent-header-meta":"","adv-header-id-meta":"","stick-header-meta":"","header-above-stick-meta":"","header-main-stick-meta":"","header-below-stick-meta":"","astra-migrate-meta-layouts":"default","ast-page-background-enabled":"default","ast-page-background-meta":{"desktop":{"background-color":"var(--ast-global-color-5)","background-image":"","background-repeat":"repeat","background-position":"center center","background-size":"auto","background-attachment":"scroll","background-type":"","background-media":"","overlay-type":"","overlay-color":"","overlay-opacity":"","overlay-gradient":""},"tablet":{"background-color":"","background-image":"","background-repeat":"repeat","background-position":"center center","background-size":"auto","background-attachment":"scroll","background-type":"","background-media":"","overlay-type":"","overlay-color":"","overlay-opacity":"","overlay-gradient":""},"mobile":{"background-color":"","background-image":"","background-repeat":"repeat","background-position":"center center","background-size":"auto","background-attachment":"scroll","background-type":"","background-media":"","overlay-type":"","overlay-color":"","overlay-opacity":"","overlay-gradient":""}},"ast-content-background-meta":{"desktop":{"background-color":"var(--ast-global-color-4)","background-image":"","background-repeat":"repeat","background-position":"center center","background-size":"auto","background-attachment":"scroll","background-type":"","background-media":"","overlay-type":"","overlay-color":"","overlay-opacity":"","overlay-gradient":""},"tablet":{"background-color":"var(--ast-global-color-4)","background-image":"","background-repeat":"repeat","background-position":"center center","background-size":"auto","background-attachment":"scroll","background-type":"","background-media":"","overlay-type":"","overlay-color":"","overlay-opacity":"","overlay-gradient":""},"mobile":{"background-color":"var(--ast-global-color-4)","background-image":"","background-repeat":"repeat","background-position":"center center","background-size":"auto","background-attachment":"scroll","background-type":"","background-media":"","overlay-type":"","overlay-color":"","overlay-opacity":"","overlay-gradient":""}},"footnotes":""},"class_list":["post-218","page","type-page","status-publish","hentry"],"_links":{"self":[{"href":"https:\/\/cantaritobar.mx\/index.php\/wp-json\/wp\/v2\/pages\/218","targetHints":{"allow":["GET"]}}],"collection":[{"href":"https:\/\/cantaritobar.mx\/index.php\/wp-json\/wp\/v2\/pages"}],"about":[{"href":"https:\/\/cantaritobar.mx\/index.php\/wp-json\/wp\/v2\/types\/page"}],"author":[{"embeddable":true,"href":"https:\/\/cantaritobar.mx\/index.php\/wp-json\/wp\/v2\/users\/1"}],"replies":[{"embeddable":true,"href":"https:\/\/cantaritobar.mx\/index.php\/wp-json\/wp\/v2\/comments?post=218"}],"version-history":[{"count":47,"href":"https:\/\/cantaritobar.mx\/index.php\/wp-json\/wp\/v2\/pages\/218\/revisions"}],"predecessor-version":[{"id":268,"href":"https:\/\/cantaritobar.mx\/index.php\/wp-json\/wp\/v2\/pages\/218\/revisions\/268"}],"wp:attachment":[{"href":"https:\/\/cantaritobar.mx\/index.php\/wp-json\/wp\/v2\/media?parent=218"}],"curies":[{"name":"wp","href":"https:\/\/api.w.org\/{rel}","templated":true}]}}